{"id":7809,"date":"2017-01-15T09:15:46","date_gmt":"2017-01-15T09:15:46","guid":{"rendered":"http:\/\/katinkaskitchen.com\/?page_id=7809"},"modified":"2023-04-09T08:38:35","modified_gmt":"2023-04-09T06:38:35","slug":"nyheter","status":"publish","type":"page","link":"https:\/\/katinkaskitchen.com\/?page_id=7809","title":{"rendered":"Nyheter p\u00e5 bloggen"},"content":{"rendered":"<h3><\/h3>\n<h3><img loading=\"lazy\" decoding=\"async\" class=\"alignright size-large wp-image-14661\" src=\"http:\/\/files.katinkaskitchen.com\/2012\/11\/hallonblabar-pa-fat-Katinkas-Kitchen-1024x768.jpg\" alt=\"\" width=\"1024\" height=\"768\" srcset=\"https:\/\/files.katinkaskitchen.com\/2012\/11\/hallonblabar-pa-fat-Katinkas-Kitchen-1024x768.jpg 1024w, https:\/\/files.katinkaskitchen.com\/2012\/11\/hallonblabar-pa-fat-Katinkas-Kitchen-150x112.jpg 150w, https:\/\/files.katinkaskitchen.com\/2012\/11\/hallonblabar-pa-fat-Katinkas-Kitchen-300x225.jpg 300w\" sizes=\"auto, (max-width: 1024px) 100vw, 1024px\" \/><\/h3>\n<h3>Katinkas Kitchen \u00e4r under st\u00e4ndigt arbete &#8211; med nya inl\u00e4gg s\u00e5 ofta jag hinner&nbsp;<img loading=\"lazy\" decoding=\"async\" class=\"alignright size-medium wp-image-26235\" src=\"http:\/\/files.katinkaskitchen.com\/2017\/01\/IMG_0981-300x300.jpg\" alt=\"\" width=\"300\" height=\"300\" srcset=\"https:\/\/files.katinkaskitchen.com\/2017\/01\/IMG_0981-300x300.jpg 300w, https:\/\/files.katinkaskitchen.com\/2017\/01\/IMG_0981-150x150.jpg 150w, https:\/\/files.katinkaskitchen.com\/2017\/01\/IMG_0981-768x768.jpg 768w, https:\/\/files.katinkaskitchen.com\/2017\/01\/IMG_0981-1024x1024.jpg 1024w\" sizes=\"auto, (max-width: 300px) 100vw, 300px\" \/><span style=\"font-size: revert;font-weight: revert\">&#8211; nu \u00e4r det snart 2000 inl\u00e4gg publicerade! Den stora utmaningen just nu \u00e4r att f\u00e5 fason p\u00e5 det nya utseendet p\u00e5 Katinkas Kitchen. Detta har jag beskrivit i ett annat inl\u00e4gg, och kommer sig av att det f\u00f6rra &#8221;temat&#8221; som det kallas inte l\u00e4ngre st\u00f6ddes och uppdaterades i koden. F\u00f6r att inte tappa min skatt med recept blev jag tvungen att v\u00e4lja ett nytt utseende. Transitioner \u00e4r s\u00e4llan smidiga, och jag k\u00e4mpar med att dels l\u00e4ra mig funktionerna i det h\u00e4r nya och inte minst hur jag kan f\u00e5 fram foton p\u00e5 varje inl\u00e4gg p\u00e5 f\u00f6rstasidan. Arbetet p\u00e5g\u00e5r f\u00f6r fullt!&nbsp;<\/span><\/h3>\n<h3>Nya kategorier skapas hela tiden. Bland annat har recepten f\u00f6r bakning delats upp i bakelser, kladdkakor, mar\u00e4nger, mjuka kakor, mousset\u00e5rtor, s\u00f6ta pajer, sm\u00e5kakor och t\u00e5rtor. Eftersom jag \u00e4lskar bl\u00e5b\u00e4r har de f\u00e5tt en egen kategori, liksom hallon respektive k\u00f6rsb\u00e4r och favoriten havtorn.<\/h3>\n<h3>Kategorin citron heter nu &#8221;citron &amp; <img loading=\"lazy\" decoding=\"async\" class=\"alignright size-medium wp-image-12580\" src=\"http:\/\/files.katinkaskitchen.com\/2012\/02\/citroner-m-blad-Katinkas-Kitchen-300x225.jpg\" alt=\"\" width=\"300\" height=\"225\" srcset=\"https:\/\/files.katinkaskitchen.com\/2012\/02\/citroner-m-blad-Katinkas-Kitchen-300x225.jpg 300w, https:\/\/files.katinkaskitchen.com\/2012\/02\/citroner-m-blad-Katinkas-Kitchen-150x112.jpg 150w, https:\/\/files.katinkaskitchen.com\/2012\/02\/citroner-m-blad-Katinkas-Kitchen.jpg 640w\" sizes=\"auto, (max-width: 300px) 100vw, 300px\" \/>lime&#8221; eftersom jag s\u00e5 ofta anv\u00e4nder lime eller en kombination av de tu.<\/h3>\n<h3>Andra kategorier \u00e4r &#8221;frukost&#8221; och &#8221;gr\u00f6t&#8221;. Bovete har en egen kategori d\u00e4r du hittar mycket gott och matnyttigt i olika variationer.<\/h3>\n<h3>Jag inf\u00f6rde tidigare i \u00e5r ocks\u00e5 en mer anv\u00e4ndarv\u00e4nlig variant bland alla italienska recepten som sv\u00e4llde \u00f6ver alla bredder och har d\u00e4rf\u00f6r delat<br \/>\nupp den i &#8221;italienskt&#8221; respektive&nbsp;&#8221;pasta&#8221;. Dessutom en egen kategori f\u00f6r&nbsp;&nbsp;&#8221;pizza&#8221; och en annan f\u00f6r &#8221;risr\u00e4tter, risotto etc, d\u00e4r inte bara risotto \u00e5terfinns, utan \u00e4ven paella samt andra risr\u00e4tter s\u00e5som asiatiska och mexikanska varianter.<\/h3>\n<h3><img loading=\"lazy\" decoding=\"async\" class=\"alignright size-medium wp-image-26222\" src=\"http:\/\/files.katinkaskitchen.com\/2017\/01\/fullsizeoutput_4e2-225x300.jpeg\" alt=\"\" width=\"225\" height=\"300\" srcset=\"https:\/\/files.katinkaskitchen.com\/2017\/01\/fullsizeoutput_4e2-225x300.jpeg 225w, https:\/\/files.katinkaskitchen.com\/2017\/01\/fullsizeoutput_4e2-113x150.jpeg 113w, https:\/\/files.katinkaskitchen.com\/2017\/01\/fullsizeoutput_4e2-768x1024.jpeg 768w\" sizes=\"auto, (max-width: 225px) 100vw, 225px\" \/><\/h3>\n<h3>En annan kategori \u00e4r &#8221;omeletter och frittatas&#8221;. Jag \u00e4r mycket f\u00f6rtjust i att anv\u00e4nda gamla rester i en frittata till helgbrunchen och under den h\u00e4r kategorin hittar du alla mina skapelser &#8211; endast fantasin s\u00e4tter gr\u00e4nser s\u00e5 spara dina rester och sl\u00e4ng dem i din frittata &#8211; l\u00e5t dig inspireras av mina variationer som hela tiden blir fler.<\/h3>\n<h3><img loading=\"lazy\" decoding=\"async\" class=\"alignright size-medium wp-image-25776\" src=\"http:\/\/files.katinkaskitchen.com\/2016\/10\/fullsizeoutput_19-300x225.jpeg\" alt=\"\" width=\"300\" height=\"225\" srcset=\"https:\/\/files.katinkaskitchen.com\/2016\/10\/fullsizeoutput_19-300x225.jpeg 300w, https:\/\/files.katinkaskitchen.com\/2016\/10\/fullsizeoutput_19-150x113.jpeg 150w, https:\/\/files.katinkaskitchen.com\/2016\/10\/fullsizeoutput_19-768x576.jpeg 768w, https:\/\/files.katinkaskitchen.com\/2016\/10\/fullsizeoutput_19-1024x768.jpeg 1024w\" sizes=\"auto, (max-width: 300px) 100vw, 300px\" \/><span style=\"font-size: revert;font-weight: revert\">I takt med att vi blir mer och mer medvetna om vad vi stoppar i oss etableras trender som<\/span><br \/>\nekologiskt, n\u00e4rodlat och vegetariskt eller att m\u00e5nga \u00e4ter mindre k\u00f6tt och <img loading=\"lazy\" decoding=\"async\" class=\"alignright size-medium wp-image-25181\" src=\"http:\/\/files.katinkaskitchen.com\/2016\/04\/IMG_5124-300x225.jpg\" alt=\"\" width=\"300\" height=\"225\" srcset=\"https:\/\/files.katinkaskitchen.com\/2016\/04\/IMG_5124-300x225.jpg 300w, https:\/\/files.katinkaskitchen.com\/2016\/04\/IMG_5124-150x113.jpg 150w, https:\/\/files.katinkaskitchen.com\/2016\/04\/IMG_5124-768x576.jpg 768w, https:\/\/files.katinkaskitchen.com\/2016\/04\/IMG_5124-1024x768.jpg 1024w\" sizes=\"auto, (max-width: 300px) 100vw, 300px\" \/>mer gr\u00f6nsaker, vilket jag \u00e4r v\u00e4ldigt f\u00f6rtjust i. Flera namnkunniga kockar s\u00e5v\u00e4l i Sverige som utomlands sl\u00e5r ett slag f\u00f6r att k\u00f6ttet ska vara tillbeh\u00f6ret vid festligare tillf\u00e4llen och gr\u00f6nsakerna spela huvudrollen med uppbackning<br \/>\nav fisk och kanske kyckling. Jag finner hela tiden inspiration fr\u00e5n omv\u00e4rlden&nbsp;och t\u00e4nker \u00e4nnu mer p\u00e5 vad jag \u00e4ter sedan jag fick br\u00f6stcancer h\u00f6sten 2014, vilket reflekteras i de r\u00e4tter jag skapar eller <img loading=\"lazy\" decoding=\"async\" class=\"alignright size-medium wp-image-25169\" src=\"http:\/\/files.katinkaskitchen.com\/2016\/04\/IMG_1313-225x300.jpg\" alt=\"\" width=\"225\" height=\"300\" srcset=\"https:\/\/files.katinkaskitchen.com\/2016\/04\/IMG_1313-225x300.jpg 225w, https:\/\/files.katinkaskitchen.com\/2016\/04\/IMG_1313-113x150.jpg 113w, https:\/\/files.katinkaskitchen.com\/2016\/04\/IMG_1313.jpg 480w\" sizes=\"auto, (max-width: 225px) 100vw, 225px\" \/>\u00e5terger och du l\u00e4ser om h\u00e4r.<\/h3>\n<h3>Du kan praktiskt l\u00e4gga in de ingredienser du har hemma i s\u00f6krutan uppe till h\u00f6ger &#8211; och vips f\u00e5r du fram alla f\u00f6rslag p\u00e5 r\u00e4tter du kan laga med dina ingredienser!<\/h3>\n<h3>V\u00e4lkommen igen och igen och mycket gl\u00e4dje i k\u00f6ket!<\/h3>\n<h3>Skicka g\u00e4rna kommentarer, synpunkter, tankar och tips p\u00e5 inl\u00e4ggen eller mail direkt till mig!<img loading=\"lazy\" decoding=\"async\" class=\"alignright size-medium wp-image-26252\" src=\"http:\/\/files.katinkaskitchen.com\/2012\/02\/IMG_0999-300x300.jpg\" alt=\"\" width=\"300\" height=\"300\" srcset=\"https:\/\/files.katinkaskitchen.com\/2012\/02\/IMG_0999-300x300.jpg 300w, https:\/\/files.katinkaskitchen.com\/2012\/02\/IMG_0999-150x150.jpg 150w, https:\/\/files.katinkaskitchen.com\/2012\/02\/IMG_0999-768x768.jpg 768w, https:\/\/files.katinkaskitchen.com\/2012\/02\/IMG_0999-1024x1024.jpg 1024w\" sizes=\"auto, (max-width: 300px) 100vw, 300px\" \/><\/h3>\n<h3>Med v\u00e4nliga matglada h\u00e4lsningar fr\u00e5n Katinkas Kitchen!<\/h3>\n<p>Katinka Hammarski\u00f6ld<\/p>\n<p>katinka.hammarskiold@hotmail.com<\/p>\n<p>www.katinkaskitchen.com<img loading=\"lazy\" decoding=\"async\" class=\"alignright size-medium wp-image-17329\" src=\"http:\/\/files.katinkaskitchen.com\/2013\/05\/KATINKAPUFF-300x186.jpg\" alt=\"KATINKAPUFF\" width=\"300\" height=\"186\" srcset=\"https:\/\/files.katinkaskitchen.com\/2013\/05\/KATINKAPUFF-300x186.jpg 300w, https:\/\/files.katinkaskitchen.com\/2013\/05\/KATINKAPUFF-150x93.jpg 150w, https:\/\/files.katinkaskitchen.com\/2013\/05\/KATINKAPUFF.jpg 480w\" sizes=\"auto, (max-width: 300px) 100vw, 300px\" \/><\/p>\n","protected":false},"excerpt":{"rendered":"<p>Katinkas Kitchen \u00e4r under st\u00e4ndigt arbete &#8211; med nya inl\u00e4gg s\u00e5 ofta jag hinner&nbsp;&#8211; nu \u00e4r det snart 2000 inl\u00e4gg publicerade! Den stora utmaningen just nu \u00e4r att f\u00e5 fason p\u00e5 det nya utseendet p\u00e5 Katinkas Kitchen. Detta har jag beskrivit i ett annat inl\u00e4gg, och kommer sig av att [&hellip;]<\/p>\n","protected":false},"author":5,"featured_media":36679,"parent":0,"menu_order":0,"comment_status":"open","ping_status":"open","template":"","meta":{"footnotes":""},"class_list":["post-7809","page","type-page","status-publish","has-post-thumbnail","hentry"],"_links":{"self":[{"href":"https:\/\/katinkaskitchen.com\/index.php?rest_route=\/wp\/v2\/pages\/7809","targetHints":{"allow":["GET"]}}],"collection":[{"href":"https:\/\/katinkaskitchen.com\/index.php?rest_route=\/wp\/v2\/pages"}],"about":[{"href":"https:\/\/katinkaskitchen.com\/index.php?rest_route=\/wp\/v2\/types\/page"}],"author":[{"embeddable":true,"href":"https:\/\/katinkaskitchen.com\/index.php?rest_route=\/wp\/v2\/users\/5"}],"replies":[{"embeddable":true,"href":"https:\/\/katinkaskitchen.com\/index.php?rest_route=%2Fwp%2Fv2%2Fcomments&post=7809"}],"version-history":[{"count":50,"href":"https:\/\/katinkaskitchen.com\/index.php?rest_route=\/wp\/v2\/pages\/7809\/revisions"}],"predecessor-version":[{"id":36817,"href":"https:\/\/katinkaskitchen.com\/index.php?rest_route=\/wp\/v2\/pages\/7809\/revisions\/36817"}],"wp:featuredmedia":[{"embeddable":true,"href":"https:\/\/katinkaskitchen.com\/index.php?rest_route=\/wp\/v2\/media\/36679"}],"wp:attachment":[{"href":"https:\/\/katinkaskitchen.com\/index.php?rest_route=%2Fwp%2Fv2%2Fmedia&parent=7809"}],"curies":[{"name":"wp","href":"https:\/\/api.w.org\/{rel}","templated":true}]}}